{"id":7801,"date":"2023-01-27T14:19:44","date_gmt":"2023-01-27T14:19:44","guid":{"rendered":"https:\/\/www.www.smarteye.se\/?page_id=7801"},"modified":"2023-02-07T07:13:30","modified_gmt":"2023-02-07T07:13:30","slug":"foretradesemission-2023","status":"publish","type":"page","link":"https:\/\/smarteye.se\/sv\/investerare\/foretradesemission-2023\/","title":{"rendered":"F\u00f6retr\u00e4desemission 2023"},"content":{"rendered":"","protected":false},"excerpt":{"rendered":"","protected":false},"author":2,"featured_media":0,"parent":3565,"menu_order":0,"comment_status":"closed","ping_status":"closed","template":"page-investors.php","meta":{"_acf_changed":false,"om_disable_all_campaigns":false,"_monsterinsights_skip_tracking":false,"_monsterinsights_sitenote_active":false,"_monsterinsights_sitenote_note":"","_monsterinsights_sitenote_category":0,"footnotes":""},"class_list":["post-7801","page","type-page","status-publish","hentry"],"acf":[],"yoast_head":"<!-- This site is optimized with the Yoast SEO Premium plugin v25.7 (Yoast SEO v25.7) - https:\/\/yoast.com\/wordpress\/plugins\/seo\/ -->\n<title>F\u00f6retr\u00e4desemission 2023 - Smart Eye<\/title>\n<meta name=\"description\" content=\"Information om Smart Eye f\u00f6r aktie\u00e4gare, investerare och analytiker med senaste nytt, finansiella rapporter och aktiens utveckling.\" \/>\n<meta name=\"robots\" content=\"index, follow, max-snippet:-1, max-image-preview:large, max-video-preview:-1\" \/>\n<link rel=\"canonical\" href=\"https:\/\/www.smarteye.se\/sv\/investerare\/foretradesemission-2023\/\" \/>\n<meta property=\"og:locale\" content=\"sv_SE\" \/>\n<meta property=\"og:type\" content=\"article\" \/>\n<meta property=\"og:title\" content=\"F\u00f6retr\u00e4desemission 2023\" \/>\n<meta property=\"og:description\" content=\"Information om Smart Eye f\u00f6r aktie\u00e4gare, investerare och analytiker med senaste nytt, finansiella rapporter och aktiens utveckling.\" \/>\n<meta property=\"og:url\" content=\"https:\/\/www.smarteye.se\/sv\/investerare\/foretradesemission-2023\/\" \/>\n<meta property=\"og:site_name\" content=\"Smart Eye\" \/>\n<meta property=\"article:publisher\" content=\"https:\/\/www.facebook.com\/SmartEyeAB\" \/>\n<meta property=\"article:modified_time\" content=\"2023-02-07T07:13:30+00:00\" \/>\n<meta name=\"twitter:card\" content=\"summary_large_image\" \/>\n<meta name=\"twitter:site\" content=\"@SmartEyeAB\" \/>\n<script type=\"application\/ld+json\" class=\"yoast-schema-graph\">{\"@context\":\"https:\/\/schema.org\",\"@graph\":[{\"@type\":\"WebPage\",\"@id\":\"https:\/\/www.smarteye.se\/sv\/investerare\/foretradesemission-2023\/\",\"url\":\"https:\/\/www.smarteye.se\/sv\/investerare\/foretradesemission-2023\/\",\"name\":\"F\u00f6retr\u00e4desemission 2023 - Smart Eye\",\"isPartOf\":{\"@id\":\"https:\/\/www.smarteye.se\/#website\"},\"datePublished\":\"2023-01-27T14:19:44+00:00\",\"dateModified\":\"2023-02-07T07:13:30+00:00\",\"description\":\"Information om Smart Eye f\u00f6r aktie\u00e4gare, investerare och analytiker med senaste nytt, finansiella rapporter och aktiens utveckling.\",\"breadcrumb\":{\"@id\":\"https:\/\/www.smarteye.se\/sv\/investerare\/foretradesemission-2023\/#breadcrumb\"},\"inLanguage\":\"sv-SE\",\"potentialAction\":[{\"@type\":\"ReadAction\",\"target\":[\"https:\/\/www.smarteye.se\/sv\/investerare\/foretradesemission-2023\/\"]}]},{\"@type\":\"BreadcrumbList\",\"@id\":\"https:\/\/www.smarteye.se\/sv\/investerare\/foretradesemission-2023\/#breadcrumb\",\"itemListElement\":[{\"@type\":\"ListItem\",\"position\":1,\"name\":\"Home\",\"item\":\"https:\/\/smarteye.se\/\"},{\"@type\":\"ListItem\",\"position\":2,\"name\":\"Investerare\",\"item\":\"https:\/\/www.smarteye.se\/sv\/investerare\/\"},{\"@type\":\"ListItem\",\"position\":3,\"name\":\"F\u00f6retr\u00e4desemission 2023\"}]},{\"@type\":\"WebSite\",\"@id\":\"https:\/\/www.smarteye.se\/#website\",\"url\":\"https:\/\/www.smarteye.se\/\",\"name\":\"Smart Eye\",\"description\":\"\",\"publisher\":{\"@id\":\"https:\/\/www.smarteye.se\/#organization\"},\"alternateName\":\"Smart Eye Tracking\",\"potentialAction\":[{\"@type\":\"SearchAction\",\"target\":{\"@type\":\"EntryPoint\",\"urlTemplate\":\"https:\/\/www.smarteye.se\/?s={search_term_string}\"},\"query-input\":{\"@type\":\"PropertyValueSpecification\",\"valueRequired\":true,\"valueName\":\"search_term_string\"}}],\"inLanguage\":\"sv-SE\"},{\"@type\":\"Organization\",\"@id\":\"https:\/\/www.smarteye.se\/#organization\",\"name\":\"Smart Eye\",\"url\":\"https:\/\/www.smarteye.se\/\",\"logo\":{\"@type\":\"ImageObject\",\"inLanguage\":\"sv-SE\",\"@id\":\"https:\/\/www.smarteye.se\/#\/schema\/logo\/image\/\",\"url\":\"https:\/\/smarteye.se\/wp-content\/uploads\/2022\/06\/smarteye-logo.png\",\"contentUrl\":\"https:\/\/smarteye.se\/wp-content\/uploads\/2022\/06\/smarteye-logo.png\",\"width\":485,\"height\":72,\"caption\":\"Smart Eye\"},\"image\":{\"@id\":\"https:\/\/www.smarteye.se\/#\/schema\/logo\/image\/\"},\"sameAs\":[\"https:\/\/www.facebook.com\/SmartEyeAB\",\"https:\/\/x.com\/SmartEyeAB\",\"https:\/\/www.linkedin.com\/company\/smart-eye\/\",\"https:\/\/www.youtube.com\/channel\/UCNUWOTX9l2nno9u-0fl_FTA\"]}]}<\/script>\n<!-- \/ Yoast SEO Premium plugin. -->","yoast_head_json":{"title":"F\u00f6retr\u00e4desemission 2023 - Smart Eye","description":"Information om Smart Eye f\u00f6r aktie\u00e4gare, investerare och analytiker med senaste nytt, finansiella rapporter och aktiens utveckling.","robots":{"index":"index","follow":"follow","max-snippet":"max-snippet:-1","max-image-preview":"max-image-preview:large","max-video-preview":"max-video-preview:-1"},"canonical":"https:\/\/www.smarteye.se\/sv\/investerare\/foretradesemission-2023\/","og_locale":"sv_SE","og_type":"article","og_title":"F\u00f6retr\u00e4desemission 2023","og_description":"Information om Smart Eye f\u00f6r aktie\u00e4gare, investerare och analytiker med senaste nytt, finansiella rapporter och aktiens utveckling.","og_url":"https:\/\/www.smarteye.se\/sv\/investerare\/foretradesemission-2023\/","og_site_name":"Smart Eye","article_publisher":"https:\/\/www.facebook.com\/SmartEyeAB","article_modified_time":"2023-02-07T07:13:30+00:00","twitter_card":"summary_large_image","twitter_site":"@SmartEyeAB","schema":{"@context":"https:\/\/schema.org","@graph":[{"@type":"WebPage","@id":"https:\/\/www.smarteye.se\/sv\/investerare\/foretradesemission-2023\/","url":"https:\/\/www.smarteye.se\/sv\/investerare\/foretradesemission-2023\/","name":"F\u00f6retr\u00e4desemission 2023 - Smart Eye","isPartOf":{"@id":"https:\/\/www.smarteye.se\/#website"},"datePublished":"2023-01-27T14:19:44+00:00","dateModified":"2023-02-07T07:13:30+00:00","description":"Information om Smart Eye f\u00f6r aktie\u00e4gare, investerare och analytiker med senaste nytt, finansiella rapporter och aktiens utveckling.","breadcrumb":{"@id":"https:\/\/www.smarteye.se\/sv\/investerare\/foretradesemission-2023\/#breadcrumb"},"inLanguage":"sv-SE","potentialAction":[{"@type":"ReadAction","target":["https:\/\/www.smarteye.se\/sv\/investerare\/foretradesemission-2023\/"]}]},{"@type":"BreadcrumbList","@id":"https:\/\/www.smarteye.se\/sv\/investerare\/foretradesemission-2023\/#breadcrumb","itemListElement":[{"@type":"ListItem","position":1,"name":"Home","item":"https:\/\/smarteye.se\/"},{"@type":"ListItem","position":2,"name":"Investerare","item":"https:\/\/www.smarteye.se\/sv\/investerare\/"},{"@type":"ListItem","position":3,"name":"F\u00f6retr\u00e4desemission 2023"}]},{"@type":"WebSite","@id":"https:\/\/www.smarteye.se\/#website","url":"https:\/\/www.smarteye.se\/","name":"Smart Eye","description":"","publisher":{"@id":"https:\/\/www.smarteye.se\/#organization"},"alternateName":"Smart Eye Tracking","potentialAction":[{"@type":"SearchAction","target":{"@type":"EntryPoint","urlTemplate":"https:\/\/www.smarteye.se\/?s={search_term_string}"},"query-input":{"@type":"PropertyValueSpecification","valueRequired":true,"valueName":"search_term_string"}}],"inLanguage":"sv-SE"},{"@type":"Organization","@id":"https:\/\/www.smarteye.se\/#organization","name":"Smart Eye","url":"https:\/\/www.smarteye.se\/","logo":{"@type":"ImageObject","inLanguage":"sv-SE","@id":"https:\/\/www.smarteye.se\/#\/schema\/logo\/image\/","url":"https:\/\/smarteye.se\/wp-content\/uploads\/2022\/06\/smarteye-logo.png","contentUrl":"https:\/\/smarteye.se\/wp-content\/uploads\/2022\/06\/smarteye-logo.png","width":485,"height":72,"caption":"Smart Eye"},"image":{"@id":"https:\/\/www.smarteye.se\/#\/schema\/logo\/image\/"},"sameAs":["https:\/\/www.facebook.com\/SmartEyeAB","https:\/\/x.com\/SmartEyeAB","https:\/\/www.linkedin.com\/company\/smart-eye\/","https:\/\/www.youtube.com\/channel\/UCNUWOTX9l2nno9u-0fl_FTA"]}]}},"_links":{"self":[{"href":"https:\/\/smarteye.se\/sv\/wp-json\/wp\/v2\/pages\/7801","targetHints":{"allow":["GET"]}}],"collection":[{"href":"https:\/\/smarteye.se\/sv\/wp-json\/wp\/v2\/pages"}],"about":[{"href":"https:\/\/smarteye.se\/sv\/wp-json\/wp\/v2\/types\/page"}],"author":[{"embeddable":true,"href":"https:\/\/smarteye.se\/sv\/wp-json\/wp\/v2\/users\/2"}],"replies":[{"embeddable":true,"href":"https:\/\/smarteye.se\/sv\/wp-json\/wp\/v2\/comments?post=7801"}],"version-history":[{"count":20,"href":"https:\/\/smarteye.se\/sv\/wp-json\/wp\/v2\/pages\/7801\/revisions"}],"predecessor-version":[{"id":8078,"href":"https:\/\/smarteye.se\/sv\/wp-json\/wp\/v2\/pages\/7801\/revisions\/8078"}],"up":[{"embeddable":true,"href":"https:\/\/smarteye.se\/sv\/wp-json\/wp\/v2\/pages\/3565"}],"wp:attachment":[{"href":"https:\/\/smarteye.se\/sv\/wp-json\/wp\/v2\/media?parent=7801"}],"curies":[{"name":"wp","href":"https:\/\/api.w.org\/{rel}","templated":true}]}}